{"id":635,"date":"2021-07-13T11:12:26","date_gmt":"2021-07-13T11:12:26","guid":{"rendered":"https:\/\/fevisa.net\/qui-sommes-nous\/"},"modified":"2021-07-14T11:19:07","modified_gmt":"2021-07-14T11:19:07","slug":"qui-sommes-nous","status":"publish","type":"page","link":"https:\/\/fevisa.net\/fr\/qui-sommes-nous\/","title":{"rendered":"Qui sommes-nous"},"content":{"rendered":"\t\t<div data-elementor-type=\"wp-page\" data-elementor-id=\"635\" class=\"elementor elementor-635 elementor-11\">\n\t\t\t\t\t\t<section class=\"elementor-section elementor-top-section elementor-element elementor-element-1b4ab0a elementor-section-boxed elementor-section-height-default elementor-section-height-default\" data-id=\"1b4ab0a\" data-element_type=\"section\" data-e-type=\"section\" data-settings=\"{&quot;background_background&quot;:&quot;classic&quot;}\">\n\t\t\t\t\t\t\t<div class=\"elementor-background-overlay\"><\/div>\n\t\t\t\t\t\t\t<div class=\"elementor-container elementor-column-gap-default\">\n\t\t\t\t\t<div class=\"elementor-column elementor-col-100 elementor-top-column elementor-element elementor-element-4e40e93\" data-id=\"4e40e93\" data-element_type=\"column\" data-e-type=\"column\">\n\t\t\t<div class=\"elementor-widget-wrap elementor-element-populated\">\n\t\t\t\t\t\t<div class=\"elementor-element elementor-element-c35bf90 elementor-widget elementor-widget-heading\" data-id=\"c35bf90\" data-element_type=\"widget\" data-e-type=\"widget\" data-widget_type=\"heading.default\">\n\t\t\t\t<div class=\"elementor-widget-container\">\n\t\t\t\t\t<h1 class=\"elementor-heading-title elementor-size-default\">Qui sommes-nous<\/h1>\t\t\t\t<\/div>\n\t\t\t\t<\/div>\n\t\t\t\t<div class=\"elementor-element elementor-element-3cdbfe2 migasdepan elementor-widget elementor-widget-shortcode\" data-id=\"3cdbfe2\" data-element_type=\"widget\" data-e-type=\"widget\" data-widget_type=\"shortcode.default\">\n\t\t\t\t<div class=\"elementor-widget-container\">\n\t\t\t\t\t\t\t<div class=\"elementor-shortcode\"><span><span><a href=\"https:\/\/fevisa.net\/fr\/\">FEVISA<\/a><\/span><\/span><\/div>\n\t\t\t\t\t\t<\/div>\n\t\t\t\t<\/div>\n\t\t\t\t\t<\/div>\n\t\t<\/div>\n\t\t\t\t\t<\/div>\n\t\t<\/section>\n\t\t\t\t<section class=\"elementor-section elementor-top-section elementor-element elementor-element-f87d09c elementor-section-boxed elementor-section-height-default elementor-section-height-default\" data-id=\"f87d09c\" data-element_type=\"section\" data-e-type=\"section\">\n\t\t\t\t\t\t<div class=\"elementor-container elementor-column-gap-default\">\n\t\t\t\t\t<div class=\"elementor-column elementor-col-66 elementor-top-column elementor-element elementor-element-07afec5\" data-id=\"07afec5\" data-element_type=\"column\" data-e-type=\"column\">\n\t\t\t<div class=\"elementor-widget-wrap elementor-element-populated\">\n\t\t\t\t\t\t<div class=\"elementor-element elementor-element-26529f4 elementor-widget elementor-widget-heading\" data-id=\"26529f4\" data-element_type=\"widget\" data-e-type=\"widget\" data-widget_type=\"heading.default\">\n\t\t\t\t<div class=\"elementor-widget-container\">\n\t\t\t\t\t<h2 class=\"elementor-heading-title elementor-size-default\">Industrie du bois FEVISA<\/h2>\t\t\t\t<\/div>\n\t\t\t\t<\/div>\n\t\t\t\t<div class=\"elementor-element elementor-element-a12c3a4 elementor-widget elementor-widget-text-editor\" data-id=\"a12c3a4\" data-element_type=\"widget\" data-e-type=\"widget\" data-widget_type=\"text-editor.default\">\n\t\t\t\t<div class=\"elementor-widget-container\">\n\t\t\t\t\t\t\t\t\t<p>Notre entreprise, Ind\u00fastria de la Fusta Fevisa, S.L., a \u00e9t\u00e9 cr\u00e9\u00e9e \u00e0 la fin des ann\u00e9es 1980, dans l&rsquo;objectif de concevoir et de fabriquer des \u00e9tuis et des caisses en bois afin de satisfaire les besoins d&rsquo;un secteur en forte croissance, le secteur viticole, en offrant \u00e0 ses clients la possibilit\u00e9 de pr\u00e9senter leurs bouteilles de vin, vin p\u00e9tillant et liqueur de fa\u00e7on totalement personnalis\u00e9e, transmettant ainsi une image de qualit\u00e9 et de prestige.<\/p>\n<p>Toute l&rsquo;exp\u00e9rience d&rsquo;une vie enti\u00e8re consacr\u00e9e au secteur du bois, des d\u00e9buts en tant qu&rsquo;apprenti jusqu&rsquo;\u00e0 devenir un \u00e9b\u00e9niste expert, est au service de notre entreprise. La reconnaissance de nos clients a \u00e9t\u00e9 obtenue d\u00e8s nos d\u00e9buts, gr\u00e2ce au professionnalisme de l&rsquo;un des membres fondateurs, en tant que responsable de la section de production, ainsi qu&rsquo;aux efforts et \u00e0 la t\u00e9nacit\u00e9 n\u00e9cessaires.<\/p>\n<p>Une grande partie de notre production est r\u00e9alis\u00e9e en fonction des commandes de nos clients. Notre structure commerciale facilite une relation de proximit\u00e9 avec le client, qui nous permet de conna\u00eetre au mieux ses besoins afin de pouvoir lui offrir le produit qu&rsquo;il recherche.<\/p>\n<p>Dans ce but, nous travaillons avec des produits et des mati\u00e8res premi\u00e8res de qualit\u00e9 sup\u00e9rieure, des fournisseurs de confiance, des technologies et des machines offrant une production optimum, et une \u00e9quipe humaine tr\u00e8s exp\u00e9riment\u00e9e.<\/p>\n<p><strong>Secteurs<\/strong><\/p>\n<p>Notre principal secteur d&rsquo;activit\u00e9 est celui du vin et du vin p\u00e9tillant. Cependant, les besoins du march\u00e9 nous ont conduits \u00e0 travailler dans des secteurs tr\u00e8s diff\u00e9renci\u00e9s, comme les cadeaux, la bijouterie, le tabac, les bars-restaurants, l&rsquo;alimentation, les magasins de bricolage, etc.<\/p>\n<p>La plupart de nos clients r\u00e9sident en Catalogne, mais le march\u00e9 s&rsquo;\u00e9tend actuellement vers toute l&rsquo;Espagne et la France. Notre entreprise est situ\u00e9e \u00e0 proximit\u00e9 de grands axes de communication routi\u00e8re.<\/p>\n\t\t\t\t\t\t\t\t<\/div>\n\t\t\t\t<\/div>\n\t\t\t\t\t<\/div>\n\t\t<\/div>\n\t\t\t\t<div class=\"elementor-column elementor-col-33 elementor-top-column elementor-element elementor-element-36cc9aa\" data-id=\"36cc9aa\" data-element_type=\"column\" data-e-type=\"column\">\n\t\t\t<div class=\"elementor-widget-wrap elementor-element-populated\">\n\t\t\t\t\t\t<div class=\"elementor-element elementor-element-0e892b9 elementor-widget elementor-widget-image\" data-id=\"0e892b9\" data-element_type=\"widget\" data-e-type=\"widget\" data-widget_type=\"image.default\">\n\t\t\t\t<div class=\"elementor-widget-container\">\n\t\t\t\t\t\t\t\t\t\t\t\t\t\t\t<img fetchpriority=\"high\" decoding=\"async\" width=\"433\" height=\"650\" src=\"https:\/\/fevisa.net\/wp-content\/uploads\/2021\/07\/nosotros.jpg\" class=\"attachment-large size-large wp-image-514\" alt=\"Fevisa\" \/>\t\t\t\t\t\t\t\t\t\t\t\t\t\t\t<\/div>\n\t\t\t\t<\/div>\n\t\t\t\t\t<\/div>\n\t\t<\/div>\n\t\t\t\t\t<\/div>\n\t\t<\/section>\n\t\t\t\t<section class=\"elementor-section elementor-top-section elementor-element elementor-element-ffe6555 elementor-reverse-mobile elementor-section-boxed elementor-section-height-default elementor-section-height-default\" data-id=\"ffe6555\" data-element_type=\"section\" data-e-type=\"section\">\n\t\t\t\t\t\t<div class=\"elementor-container elementor-column-gap-default\">\n\t\t\t\t\t<div class=\"elementor-column elementor-col-50 elementor-top-column elementor-element elementor-element-d27afb5\" data-id=\"d27afb5\" data-element_type=\"column\" data-e-type=\"column\">\n\t\t\t<div class=\"elementor-widget-wrap elementor-element-populated\">\n\t\t\t\t\t\t<div class=\"elementor-element elementor-element-3b3a9e7 elementor-widget elementor-widget-image\" data-id=\"3b3a9e7\" data-element_type=\"widget\" data-e-type=\"widget\" data-widget_type=\"image.default\">\n\t\t\t\t<div class=\"elementor-widget-container\">\n\t\t\t\t\t\t\t\t\t\t\t\t\t\t\t<img decoding=\"async\" width=\"1000\" height=\"667\" src=\"https:\/\/fevisa.net\/wp-content\/uploads\/2021\/07\/0158.jpg\" class=\"attachment-large size-large wp-image-516\" alt=\"Fevisa\" srcset=\"https:\/\/fevisa.net\/wp-content\/uploads\/2021\/07\/0158.jpg 1000w, https:\/\/fevisa.net\/wp-content\/uploads\/2021\/07\/0158-768x512.jpg 768w\" sizes=\"(max-width: 1000px) 100vw, 1000px\" \/>\t\t\t\t\t\t\t\t\t\t\t\t\t\t\t<\/div>\n\t\t\t\t<\/div>\n\t\t\t\t\t<\/div>\n\t\t<\/div>\n\t\t\t\t<div class=\"elementor-column elementor-col-50 elementor-top-column elementor-element elementor-element-7fc0d87\" data-id=\"7fc0d87\" data-element_type=\"column\" data-e-type=\"column\">\n\t\t\t<div class=\"elementor-widget-wrap elementor-element-populated\">\n\t\t\t\t\t\t<div class=\"elementor-element elementor-element-66be4e5 elementor-widget elementor-widget-heading\" data-id=\"66be4e5\" data-element_type=\"widget\" data-e-type=\"widget\" data-widget_type=\"heading.default\">\n\t\t\t\t<div class=\"elementor-widget-container\">\n\t\t\t\t\t<h4 class=\"elementor-heading-title elementor-size-default\">Nous personnalisons des caisses et des \u00e9tuis pour toutes sortes d'articles ou de marques<\/h4>\t\t\t\t<\/div>\n\t\t\t\t<\/div>\n\t\t\t\t<div class=\"elementor-element elementor-element-842a94d elementor-widget elementor-widget-text-editor\" data-id=\"842a94d\" data-element_type=\"widget\" data-e-type=\"widget\" data-widget_type=\"text-editor.default\">\n\t\t\t\t<div class=\"elementor-widget-container\">\n\t\t\t\t\t\t\t\t\t<p>La technologie dont nous disposons nous permet d&rsquo;appliquer de nombreux types d&rsquo;impression ou de gravure, donc d&rsquo;offrir une multitude de produits et de modalit\u00e9s de personnalisation d&rsquo;articles et de secteurs.<\/p>\n\t\t\t\t\t\t\t\t<\/div>\n\t\t\t\t<\/div>\n\t\t\t\t<div class=\"elementor-element elementor-element-467259c elementor-mobile-align-center elementor-widget elementor-widget-button\" data-id=\"467259c\" data-element_type=\"widget\" data-e-type=\"widget\" data-widget_type=\"button.default\">\n\t\t\t\t<div class=\"elementor-widget-container\">\n\t\t\t\t\t\t\t\t\t<div class=\"elementor-button-wrapper\">\n\t\t\t\t\t<a class=\"elementor-button elementor-button-link elementor-size-sm\" href=\"https:\/\/fevisa.net\/images\/pdf\/gamma.pdf\" target=\"_blank\">\n\t\t\t\t\t\t<span class=\"elementor-button-content-wrapper\">\n\t\t\t\t\t\t<span class=\"elementor-button-icon\">\n\t\t\t\t<i aria-hidden=\"true\" class=\"far fa-file-pdf\"><\/i>\t\t\t<\/span>\n\t\t\t\t\t\t\t\t\t<span class=\"elementor-button-text\">Voir la gamme<\/span>\n\t\t\t\t\t<\/span>\n\t\t\t\t\t<\/a>\n\t\t\t\t<\/div>\n\t\t\t\t\t\t\t\t<\/div>\n\t\t\t\t<\/div>\n\t\t\t\t\t<\/div>\n\t\t<\/div>\n\t\t\t\t\t<\/div>\n\t\t<\/section>\n\t\t\t\t<section class=\"elementor-section elementor-top-section elementor-element elementor-element-359575da elementor-section-boxed elementor-section-height-default elementor-section-height-default\" data-id=\"359575da\" data-element_type=\"section\" data-e-type=\"section\" data-settings=\"{&quot;background_background&quot;:&quot;classic&quot;}\">\n\t\t\t\t\t\t<div class=\"elementor-container elementor-column-gap-default\">\n\t\t\t\t\t<div class=\"elementor-column elementor-col-66 elementor-top-column elementor-element elementor-element-63b17678\" data-id=\"63b17678\" data-element_type=\"column\" data-e-type=\"column\">\n\t\t\t<div class=\"elementor-widget-wrap elementor-element-populated\">\n\t\t\t\t\t\t<div class=\"elementor-element elementor-element-2a805102 elementor-widget elementor-widget-text-editor\" data-id=\"2a805102\" data-element_type=\"widget\" data-e-type=\"widget\" data-widget_type=\"text-editor.default\">\n\t\t\t\t<div class=\"elementor-widget-container\">\n\t\t\t\t\t\t\t\t\t<p>Dites-nous ce dont vous avez besoin et nous le ferons pour vous<\/p>\n\t\t\t\t\t\t\t\t<\/div>\n\t\t\t\t<\/div>\n\t\t\t\t\t<\/div>\n\t\t<\/div>\n\t\t\t\t<div class=\"elementor-column elementor-col-33 elementor-top-column elementor-element elementor-element-2b4819fd\" data-id=\"2b4819fd\" data-element_type=\"column\" data-e-type=\"column\">\n\t\t\t<div class=\"elementor-widget-wrap elementor-element-populated\">\n\t\t\t\t\t\t<div class=\"elementor-element elementor-element-5e56047c elementor-align-right elementor-widget elementor-widget-button\" data-id=\"5e56047c\" data-element_type=\"widget\" data-e-type=\"widget\" data-widget_type=\"button.default\">\n\t\t\t\t<div class=\"elementor-widget-container\">\n\t\t\t\t\t\t\t\t\t<div class=\"elementor-button-wrapper\">\n\t\t\t\t\t<a class=\"elementor-button elementor-button-link elementor-size-lg\" href=\"https:\/\/fevisa.net\/fr\/contact-et-localisation\/\">\n\t\t\t\t\t\t<span class=\"elementor-button-content-wrapper\">\n\t\t\t\t\t\t\t\t\t<span class=\"elementor-button-text\">Demander un budget<\/span>\n\t\t\t\t\t<\/span>\n\t\t\t\t\t<\/a>\n\t\t\t\t<\/div>\n\t\t\t\t\t\t\t\t<\/div>\n\t\t\t\t<\/div>\n\t\t\t\t\t<\/div>\n\t\t<\/div>\n\t\t\t\t\t<\/div>\n\t\t<\/section>\n\t\t\t\t<\/div>\n\t\t","protected":false},"excerpt":{"rendered":"<p>Qui sommes-nous Industrie du bois FEVISA Notre entreprise, Ind\u00fastria de la Fusta Fevisa, S.L., a \u00e9t\u00e9 cr\u00e9\u00e9e \u00e0 la fin des ann\u00e9es 1980, dans l&rsquo;objectif de concevoir et de fabriquer des \u00e9tuis et des caisses en bois afin de satisfaire les besoins d&rsquo;un secteur en forte croissance, le secteur viticole, en offrant \u00e0 ses clients [&hellip;]<\/p>\n","protected":false},"author":1,"featured_media":0,"parent":0,"menu_order":0,"comment_status":"closed","ping_status":"closed","template":"","meta":{"_exactmetrics_skip_tracking":false,"_exactmetrics_sitenote_active":false,"_exactmetrics_sitenote_note":"","_exactmetrics_sitenote_category":0,"ocean_post_layout":"","ocean_both_sidebars_style":"","ocean_both_sidebars_content_width":0,"ocean_both_sidebars_sidebars_width":0,"ocean_sidebar":"0","ocean_second_sidebar":"0","ocean_disable_margins":"enable","ocean_add_body_class":"","ocean_shortcode_before_top_bar":"","ocean_shortcode_after_top_bar":"","ocean_shortcode_before_header":"","ocean_shortcode_after_header":"","ocean_has_shortcode":"","ocean_shortcode_after_title":"","ocean_shortcode_before_footer_widgets":"","ocean_shortcode_after_footer_widgets":"","ocean_shortcode_before_footer_bottom":"","ocean_shortcode_after_footer_bottom":"","ocean_display_top_bar":"default","ocean_display_header":"default","ocean_header_style":"","ocean_center_header_left_menu":"0","ocean_custom_header_template":"0","ocean_custom_logo":0,"ocean_custom_retina_logo":0,"ocean_custom_logo_max_width":0,"ocean_custom_logo_tablet_max_width":0,"ocean_custom_logo_mobile_max_width":0,"ocean_custom_logo_max_height":0,"ocean_custom_logo_tablet_max_height":0,"ocean_custom_logo_mobile_max_height":0,"ocean_header_custom_menu":"0","ocean_menu_typo_font_family":"0","ocean_menu_typo_font_subset":"","ocean_menu_typo_font_size":0,"ocean_menu_typo_font_size_tablet":0,"ocean_menu_typo_font_size_mobile":0,"ocean_menu_typo_font_size_unit":"px","ocean_menu_typo_font_weight":"","ocean_menu_typo_font_weight_tablet":"","ocean_menu_typo_font_weight_mobile":"","ocean_menu_typo_transform":"","ocean_menu_typo_transform_tablet":"","ocean_menu_typo_transform_mobile":"","ocean_menu_typo_line_height":0,"ocean_menu_typo_line_height_tablet":0,"ocean_menu_typo_line_height_mobile":0,"ocean_menu_typo_line_height_unit":"","ocean_menu_typo_spacing":0,"ocean_menu_typo_spacing_tablet":0,"ocean_menu_typo_spacing_mobile":0,"ocean_menu_typo_spacing_unit":"","ocean_menu_link_color":"","ocean_menu_link_color_hover":"","ocean_menu_link_color_active":"","ocean_menu_link_background":"","ocean_menu_link_hover_background":"","ocean_menu_link_active_background":"","ocean_menu_social_links_bg":"","ocean_menu_social_hover_links_bg":"","ocean_menu_social_links_color":"","ocean_menu_social_hover_links_color":"","ocean_disable_title":"default","ocean_disable_heading":"default","ocean_post_title":"","ocean_post_subheading":"","ocean_post_title_style":"","ocean_post_title_background_color":"","ocean_post_title_background":0,"ocean_post_title_bg_image_position":"","ocean_post_title_bg_image_attachment":"","ocean_post_title_bg_image_repeat":"","ocean_post_title_bg_image_size":"","ocean_post_title_height":0,"ocean_post_title_bg_overlay":0.5,"ocean_post_title_bg_overlay_color":"","ocean_disable_breadcrumbs":"default","ocean_breadcrumbs_color":"","ocean_breadcrumbs_separator_color":"","ocean_breadcrumbs_links_color":"","ocean_breadcrumbs_links_hover_color":"","ocean_display_footer_widgets":"default","ocean_display_footer_bottom":"default","ocean_custom_footer_template":"0","footnotes":""},"class_list":["post-635","page","type-page","status-publish","hentry","entry"],"yoast_head":"<!-- This site is optimized with the Yoast SEO plugin v27.4 - https:\/\/yoast.com\/product\/yoast-seo-wordpress\/ -->\n<title>Qui sommes-nous - Industria de la madera FEVISA SL<\/title>\n<meta name=\"robots\" content=\"index, follow, max-snippet:-1, max-image-preview:large, max-video-preview:-1\" \/>\n<link rel=\"canonical\" href=\"https:\/\/fevisa.net\/fr\/qui-sommes-nous\/\" \/>\n<meta property=\"og:locale\" content=\"fr_FR\" \/>\n<meta property=\"og:type\" content=\"article\" \/>\n<meta property=\"og:title\" content=\"Qui sommes-nous - Industria de la madera FEVISA SL\" \/>\n<meta property=\"og:description\" content=\"Qui sommes-nous Industrie du bois FEVISA Notre entreprise, Ind\u00fastria de la Fusta Fevisa, S.L., a \u00e9t\u00e9 cr\u00e9\u00e9e \u00e0 la fin des ann\u00e9es 1980, dans l&rsquo;objectif de concevoir et de fabriquer des \u00e9tuis et des caisses en bois afin de satisfaire les besoins d&rsquo;un secteur en forte croissance, le secteur viticole, en offrant \u00e0 ses clients [&hellip;]\" \/>\n<meta property=\"og:url\" content=\"https:\/\/fevisa.net\/fr\/qui-sommes-nous\/\" \/>\n<meta property=\"og:site_name\" content=\"Industria de la madera FEVISA SL\" \/>\n<meta property=\"article:modified_time\" content=\"2021-07-14T11:19:07+00:00\" \/>\n<meta property=\"og:image\" content=\"https:\/\/fevisa.net\/wp-content\/uploads\/2021\/07\/nosotros.jpg\" \/>\n<meta name=\"twitter:card\" content=\"summary_large_image\" \/>\n<meta name=\"twitter:label1\" content=\"Dur\u00e9e de lecture estim\u00e9e\" \/>\n\t<meta name=\"twitter:data1\" content=\"2 minutes\" \/>\n<script type=\"application\/ld+json\" class=\"yoast-schema-graph\">{\"@context\":\"https:\\\/\\\/schema.org\",\"@graph\":[{\"@type\":\"WebPage\",\"@id\":\"https:\\\/\\\/fevisa.net\\\/fr\\\/qui-sommes-nous\\\/\",\"url\":\"https:\\\/\\\/fevisa.net\\\/fr\\\/qui-sommes-nous\\\/\",\"name\":\"Qui sommes-nous - Industria de la madera FEVISA SL\",\"isPartOf\":{\"@id\":\"https:\\\/\\\/fevisa.net\\\/fr\\\/#website\"},\"primaryImageOfPage\":{\"@id\":\"https:\\\/\\\/fevisa.net\\\/fr\\\/qui-sommes-nous\\\/#primaryimage\"},\"image\":{\"@id\":\"https:\\\/\\\/fevisa.net\\\/fr\\\/qui-sommes-nous\\\/#primaryimage\"},\"thumbnailUrl\":\"https:\\\/\\\/fevisa.net\\\/wp-content\\\/uploads\\\/2021\\\/07\\\/nosotros.jpg\",\"datePublished\":\"2021-07-13T11:12:26+00:00\",\"dateModified\":\"2021-07-14T11:19:07+00:00\",\"breadcrumb\":{\"@id\":\"https:\\\/\\\/fevisa.net\\\/fr\\\/qui-sommes-nous\\\/#breadcrumb\"},\"inLanguage\":\"fr-FR\",\"potentialAction\":[{\"@type\":\"ReadAction\",\"target\":[\"https:\\\/\\\/fevisa.net\\\/fr\\\/qui-sommes-nous\\\/\"]}]},{\"@type\":\"ImageObject\",\"inLanguage\":\"fr-FR\",\"@id\":\"https:\\\/\\\/fevisa.net\\\/fr\\\/qui-sommes-nous\\\/#primaryimage\",\"url\":\"https:\\\/\\\/fevisa.net\\\/wp-content\\\/uploads\\\/2021\\\/07\\\/nosotros.jpg\",\"contentUrl\":\"https:\\\/\\\/fevisa.net\\\/wp-content\\\/uploads\\\/2021\\\/07\\\/nosotros.jpg\"},{\"@type\":\"BreadcrumbList\",\"@id\":\"https:\\\/\\\/fevisa.net\\\/fr\\\/qui-sommes-nous\\\/#breadcrumb\",\"itemListElement\":[{\"@type\":\"ListItem\",\"position\":1,\"name\":\"FEVISA\",\"item\":\"https:\\\/\\\/fevisa.net\\\/fr\\\/\"},{\"@type\":\"ListItem\",\"position\":2,\"name\":\"Qui sommes-nous\"}]},{\"@type\":\"WebSite\",\"@id\":\"https:\\\/\\\/fevisa.net\\\/fr\\\/#website\",\"url\":\"https:\\\/\\\/fevisa.net\\\/fr\\\/\",\"name\":\"Industria de la madera FEVISA SL\",\"description\":\"Las diversas variedades de las cajas o estuches para cavas, vinos o licores, se suelen fabricar en madera de pino o de chopo.\",\"publisher\":{\"@id\":\"https:\\\/\\\/fevisa.net\\\/fr\\\/#organization\"},\"potentialAction\":[{\"@type\":\"SearchAction\",\"target\":{\"@type\":\"EntryPoint\",\"urlTemplate\":\"https:\\\/\\\/fevisa.net\\\/fr\\\/?s={search_term_string}\"},\"query-input\":{\"@type\":\"PropertyValueSpecification\",\"valueRequired\":true,\"valueName\":\"search_term_string\"}}],\"inLanguage\":\"fr-FR\"},{\"@type\":\"Organization\",\"@id\":\"https:\\\/\\\/fevisa.net\\\/fr\\\/#organization\",\"name\":\"FEVISA SL\",\"url\":\"https:\\\/\\\/fevisa.net\\\/fr\\\/\",\"logo\":{\"@type\":\"ImageObject\",\"inLanguage\":\"fr-FR\",\"@id\":\"https:\\\/\\\/fevisa.net\\\/fr\\\/#\\\/schema\\\/logo\\\/image\\\/\",\"url\":\"https:\\\/\\\/fevisa.net\\\/wp-content\\\/uploads\\\/2021\\\/07\\\/fevisa_logo.png\",\"contentUrl\":\"https:\\\/\\\/fevisa.net\\\/wp-content\\\/uploads\\\/2021\\\/07\\\/fevisa_logo.png\",\"width\":192,\"height\":71,\"caption\":\"FEVISA SL\"},\"image\":{\"@id\":\"https:\\\/\\\/fevisa.net\\\/fr\\\/#\\\/schema\\\/logo\\\/image\\\/\"}}]}<\/script>\n<!-- \/ Yoast SEO plugin. -->","yoast_head_json":{"title":"Qui sommes-nous - Industria de la madera FEVISA SL","robots":{"index":"index","follow":"follow","max-snippet":"max-snippet:-1","max-image-preview":"max-image-preview:large","max-video-preview":"max-video-preview:-1"},"canonical":"https:\/\/fevisa.net\/fr\/qui-sommes-nous\/","og_locale":"fr_FR","og_type":"article","og_title":"Qui sommes-nous - Industria de la madera FEVISA SL","og_description":"Qui sommes-nous Industrie du bois FEVISA Notre entreprise, Ind\u00fastria de la Fusta Fevisa, S.L., a \u00e9t\u00e9 cr\u00e9\u00e9e \u00e0 la fin des ann\u00e9es 1980, dans l&rsquo;objectif de concevoir et de fabriquer des \u00e9tuis et des caisses en bois afin de satisfaire les besoins d&rsquo;un secteur en forte croissance, le secteur viticole, en offrant \u00e0 ses clients [&hellip;]","og_url":"https:\/\/fevisa.net\/fr\/qui-sommes-nous\/","og_site_name":"Industria de la madera FEVISA SL","article_modified_time":"2021-07-14T11:19:07+00:00","og_image":[{"url":"https:\/\/fevisa.net\/wp-content\/uploads\/2021\/07\/nosotros.jpg","type":"","width":"","height":""}],"twitter_card":"summary_large_image","twitter_misc":{"Dur\u00e9e de lecture estim\u00e9e":"2 minutes"},"schema":{"@context":"https:\/\/schema.org","@graph":[{"@type":"WebPage","@id":"https:\/\/fevisa.net\/fr\/qui-sommes-nous\/","url":"https:\/\/fevisa.net\/fr\/qui-sommes-nous\/","name":"Qui sommes-nous - Industria de la madera FEVISA SL","isPartOf":{"@id":"https:\/\/fevisa.net\/fr\/#website"},"primaryImageOfPage":{"@id":"https:\/\/fevisa.net\/fr\/qui-sommes-nous\/#primaryimage"},"image":{"@id":"https:\/\/fevisa.net\/fr\/qui-sommes-nous\/#primaryimage"},"thumbnailUrl":"https:\/\/fevisa.net\/wp-content\/uploads\/2021\/07\/nosotros.jpg","datePublished":"2021-07-13T11:12:26+00:00","dateModified":"2021-07-14T11:19:07+00:00","breadcrumb":{"@id":"https:\/\/fevisa.net\/fr\/qui-sommes-nous\/#breadcrumb"},"inLanguage":"fr-FR","potentialAction":[{"@type":"ReadAction","target":["https:\/\/fevisa.net\/fr\/qui-sommes-nous\/"]}]},{"@type":"ImageObject","inLanguage":"fr-FR","@id":"https:\/\/fevisa.net\/fr\/qui-sommes-nous\/#primaryimage","url":"https:\/\/fevisa.net\/wp-content\/uploads\/2021\/07\/nosotros.jpg","contentUrl":"https:\/\/fevisa.net\/wp-content\/uploads\/2021\/07\/nosotros.jpg"},{"@type":"BreadcrumbList","@id":"https:\/\/fevisa.net\/fr\/qui-sommes-nous\/#breadcrumb","itemListElement":[{"@type":"ListItem","position":1,"name":"FEVISA","item":"https:\/\/fevisa.net\/fr\/"},{"@type":"ListItem","position":2,"name":"Qui sommes-nous"}]},{"@type":"WebSite","@id":"https:\/\/fevisa.net\/fr\/#website","url":"https:\/\/fevisa.net\/fr\/","name":"Industria de la madera FEVISA SL","description":"Las diversas variedades de las cajas o estuches para cavas, vinos o licores, se suelen fabricar en madera de pino o de chopo.","publisher":{"@id":"https:\/\/fevisa.net\/fr\/#organization"},"potentialAction":[{"@type":"SearchAction","target":{"@type":"EntryPoint","urlTemplate":"https:\/\/fevisa.net\/fr\/?s={search_term_string}"},"query-input":{"@type":"PropertyValueSpecification","valueRequired":true,"valueName":"search_term_string"}}],"inLanguage":"fr-FR"},{"@type":"Organization","@id":"https:\/\/fevisa.net\/fr\/#organization","name":"FEVISA SL","url":"https:\/\/fevisa.net\/fr\/","logo":{"@type":"ImageObject","inLanguage":"fr-FR","@id":"https:\/\/fevisa.net\/fr\/#\/schema\/logo\/image\/","url":"https:\/\/fevisa.net\/wp-content\/uploads\/2021\/07\/fevisa_logo.png","contentUrl":"https:\/\/fevisa.net\/wp-content\/uploads\/2021\/07\/fevisa_logo.png","width":192,"height":71,"caption":"FEVISA SL"},"image":{"@id":"https:\/\/fevisa.net\/fr\/#\/schema\/logo\/image\/"}}]}},"_links":{"self":[{"href":"https:\/\/fevisa.net\/fr\/wp-json\/wp\/v2\/pages\/635","targetHints":{"allow":["GET"]}}],"collection":[{"href":"https:\/\/fevisa.net\/fr\/wp-json\/wp\/v2\/pages"}],"about":[{"href":"https:\/\/fevisa.net\/fr\/wp-json\/wp\/v2\/types\/page"}],"author":[{"embeddable":true,"href":"https:\/\/fevisa.net\/fr\/wp-json\/wp\/v2\/users\/1"}],"replies":[{"embeddable":true,"href":"https:\/\/fevisa.net\/fr\/wp-json\/wp\/v2\/comments?post=635"}],"version-history":[{"count":6,"href":"https:\/\/fevisa.net\/fr\/wp-json\/wp\/v2\/pages\/635\/revisions"}],"predecessor-version":[{"id":738,"href":"https:\/\/fevisa.net\/fr\/wp-json\/wp\/v2\/pages\/635\/revisions\/738"}],"wp:attachment":[{"href":"https:\/\/fevisa.net\/fr\/wp-json\/wp\/v2\/media?parent=635"}],"curies":[{"name":"wp","href":"https:\/\/api.w.org\/{rel}","templated":true}]}}