{"id":639,"date":"2021-07-13T10:51:15","date_gmt":"2021-07-13T10:51:15","guid":{"rendered":"https:\/\/fevisa.net\/politique-de-confidentialite\/"},"modified":"2021-07-14T10:54:17","modified_gmt":"2021-07-14T10:54:17","slug":"politique-de-confidentialite","status":"publish","type":"page","link":"https:\/\/fevisa.net\/fr\/politique-de-confidentialite\/","title":{"rendered":"Politique de confidentialit\u00e9"},"content":{"rendered":"\n<h3 class=\"wp-block-heading\">AVISO LEGAL<\/h3>\n\n\n\n<h3 class=\"wp-block-heading\">0. OBJETO Y ACEPTACI\u00d3N<\/h3>\n\n\n\n<p>El presente aviso legal regula el uso del sitio web <strong><a href=\"https:\/\/fevisa.net\/index.html\">www.fevisa.net<\/a><\/strong>(en adelante, LA WEB), del que es titular <strong>FEVISA, SL<\/strong> (en adelante, EL PROPIETARIO DE LA WEB).<\/p>\n\n\n\n<p>La navegaci\u00f3n por el sitio web del PROPIETARIO DE LA WEB atribuye la condici\u00f3n de usuario del mismo e implica la aceptaci\u00f3n plena y sin reservas de todas y cada una de las disposiciones incluidas en este Aviso Legal, que pueden sufrir modificaciones.<\/p>\n\n\n\n<p>El usuario se obliga a hacer un uso correcto del sitio web de conformidad con las leyes, la buena fe, el orden p\u00fablico, los usos del tr\u00e1fico y el presente Aviso Legal. El usuario responder\u00e1 frente EL PROPIETARIO DE LA WEB o frente a terceros, de cualesquiera da\u00f1os y perjuicios que pudieran causarse como consecuencia del incumplimiento de dicha obligaci\u00f3n.<\/p>\n\n\n\n<h3 class=\"wp-block-heading\">1. IDENTIFICACI\u00d3N Y COMUNICACIONES<\/h3>\n\n\n\n<p>EL PROPIETARIO DE LA WEB, en cumplimiento de la Ley 34\/2002, de 11 de julio, de servicios de la sociedad de la informaci\u00f3n y de comercio electr\u00f3nico, le informa de que:<\/p>\n\n\n\n<p>Su denominaci\u00f3n social es: <strong>FEVISA, SL<\/strong><br>Su NIF es: B17105586.<br>Su domicilio social est\u00e1 en: C. SANT CEBRIA, 22 &#8211; 17740 VILAFANT &#8211; (GIRONA)<\/p>\n\n\n\n<p>Para comunicarse con nosotros, ponemos a su disposici\u00f3n diferentes medios de contacto que detallamos a continuaci\u00f3n:<\/p>\n\n\n\n<p>Tfno: 972 54 64 21<br>Email: <a href=\"mailto:info@fevisa.net\">info@fevisa.net<\/a><\/p>\n\n\n\n<p>Todas las notificaciones y comunicaciones entre los usuarios y EL PROPIETARIO DE LA WEB se considerar\u00e1n eficaces, a todos los efectos, cuando se realicen a trav\u00e9s de correo postal o cualquier otro medio de los detallados anteriormente.<\/p>\n\n\n\n<h3 class=\"wp-block-heading\">2. CONDICIONES DE ACCESO Y UTILIZACI\u00d3N<\/h3>\n\n\n\n<p>El sitio web y sus servicios son de acceso libre y gratuito, no obstante, EL PROPIETARIO DE LA WEB condiciona la utilizaci\u00f3n de algunos de los servicios ofrecidos en su web a la previa cumplimentaci\u00f3n del correspondiente formulario.<\/p>\n\n\n\n<p>El usuario garantiza la autenticidad y actualidad de todos aquellos datos que comunique a EL PROPIETARIO DE LA WEB y ser\u00e1 el \u00fanico responsable de las manifestaciones falsas o inexactas que realice.<\/p>\n\n\n\n<p>El usuario se compromete expresamente a hacer un uso adecuado de los contenidos y servicios de EL PROPIETARIO DE LA WEB ya no emplearlos para, entre otros:<br>a) Difundir contenidos, delictivos, violentos, pornogr\u00e1ficos, racistas, xen\u00f3fobo, ofensivos, de apolog\u00eda del terrorismo o, en general, contrarios a la ley o al orden p\u00fablico.<br>b) Introducir en la red virus inform\u00e1ticos o realizar actuaciones susceptibles de alterar, estropear, interrumpir o generar errores o da\u00f1os en los documentos electr\u00f3nicos, datos o sistemas f\u00edsicos y l\u00f3gicos de EL PROPIETARIO DE LA WEB o de terceras personas, as\u00ed como obstaculizar el acceso de otros usuarios al sitio web ya sus servicios mediante el consumo masivo de los recursos inform\u00e1ticos a trav\u00e9s de los cuales eL PROPIETARIO dE LA WEB presta sus servicios.<br>c) Intentar acceder a las cuentas de correo electr\u00f3nico de otros usuarios oa \u00e1reas restringidas de los sistemas inform\u00e1ticos del PROPIETARIO DE LA WEB o de terceros y, si se &lsquo;procede, extraer informaci\u00f3n.<br>d) Vulnerar los derechos de propiedad intelectual o industrial, as\u00ed como violar la confidencialidad de la informaci\u00f3n de EL PROPIETARIO DE LA WEB o de terceros.<br>e) Suplantar la identidad de otro usuario, de las administraciones p\u00fablicas o de un tercero.<br>f) Reproducir, copiar, distribuir, poner a disposici\u00f3n o de cualquier otra forma comunicar p\u00fablicamente, transformar o modificar los contenidos, a menos que se cuente con la autorizaci\u00f3n del titular los correspondientes derechos o ello resulte legalmente permitido.<br>g) Recabar datos con finalidad publicitaria y de remitir publicidad de cualquier clase y comunicaciones con fines de venta u otras de naturaleza comercial sin que haya previa solicitud o consentimiento.<\/p>\n\n\n\n<p>Todos los contenidos del sitio web, como textos, fotograf\u00edas, gr\u00e1ficos, im\u00e1genes, iconos, tecnolog\u00eda, software, as\u00ed como su dise\u00f1o gr\u00e1fico y c\u00f3digos fuente, constituyen una obra cuya propiedad pertenece al PROPIETARIO DE LA WEB, sin que puedan entenderse cedidos al usuario ninguno de los derechos de explotaci\u00f3n sobre los mismos m\u00e1s all\u00e1 de lo estrictamente necesario para el correcto uso de la web.<\/p>\n\n\n\n<p>En definitiva, los usuarios que accedan a este sitio web pueden visualizar los contenidos y efectuar, en su caso, copias privadas autorizadas siempre que los elementos reproducidos no sean cedidos posteriormente a terceros, ni se instalen a servidores conectados a redes, ni sean objeto de ning\u00fan tipo de explotaci\u00f3n.<\/p>\n\n\n\n<p>Asimismo, todas las marcas, nombres comerciales o signos distintivos de cualquier clase que aparecen en el sitio web son propiedad del PROPIETARIO DE LA WEB, sin que pueda entenderse que el uso o acceso al mismo atribuya al usuario derecho alguno sobre los mismos.<\/p>\n\n\n\n<p>La distribuci\u00f3n, modificaci\u00f3n, cesi\u00f3n o comunicaci\u00f3n p\u00fablica de los contenidos y cualquier otro acto que no haya sido expresamente autorizado por el titular de los derechos de explotaci\u00f3n quedan prohibidos.<\/p>\n\n\n\n<p>El establecimiento de un hiperenlace no implica en ning\u00fan caso la existencia de relaciones entre EL PROPIETARIO DE LA WEB y el propietario del sitio web en la que se establezca, ni la aceptaci\u00f3n y aprobaci\u00f3n por parte del PROPIETARIO LA WEB de sus contenidos o servicios. Aquellas personas que se propongan establecer un hiperenlace previamente deber\u00e1n solicitar autorizaci\u00f3n por escrito a EL PROPIETARIO DE LA WEB. En todo caso, el hiperenlace \u00fanicamente permitir\u00e1 el acceso a la home-page o p\u00e1gina de inicio de nuestro sitio web, asimismo deber\u00e1 abstenerse de realizar manifestaciones o indicaciones falsas, inexactas o incorrectas sobre EL PROPIETARIO DE LA WEB, o incluir contenidos il\u00edcitos, contrarios a las buenas costumbres y el orden p\u00fablico.<\/p>\n\n\n\n<p>EL PROPIETARIO DE LA WEB no se responsabiliza del uso que cada usuario le d\u00e9 a los materiales puestos a disposici\u00f3n en este sitio web ni de las actuaciones que realice en base a los mismos.<\/p>\n\n\n\n<h3 class=\"wp-block-heading\">3. EXCLUSI\u00d3N DE GARANT\u00cdAS Y DE RESPONSABILIDAD<\/h3>\n\n\n\n<p>El contenido del presente sitio web es de car\u00e1cter general y tiene una finalidad meramente informativa, sin que se garantice plenamente el acceso a todos los contenidos, ni su exhaustividad, correcci\u00f3n, vigencia o actualidad, ni su idoneidad o utilidad para un objetivo espec\u00edfico.<\/p>\n\n\n\n<p>EL PROPIETARIO DE LA WEB excluye, hasta donde permite el ordenamiento jur\u00eddico, cualquier responsabilidad por los da\u00f1os y perjuicios de toda naturaleza derivados de:<\/p>\n\n\n\n<p>a) La imposibilidad de acceso al sitio web o la falta de veracidad, exactitud, exhaustividad y \/o actualidad de los contenidos, as\u00ed como la existencia de vicios y defectos de toda clase de los contenidos transmitidos, difundidos, almacenados, puestos a disposici\u00f3n a los que se haya accedido a trav\u00e9s del sitio web o de los servicios que se ofrecen.<br>b) La presencia de virus o de otros elementos en los contenidos que puedan producir alteraciones en los sistemas inform\u00e1ticos, documentos electr\u00f3nicos o datos de los usuarios.<br>c) el incumplimiento de las leyes, la buena fe, el orden p\u00fablico, los usos del tr\u00e1fico y el presente aviso legal como consecuencia del uso incorrecto del sitio web. En particular, ya modo de ejemplo, EL PROPIETARIO DE LA WEB no se hace responsable de las actuaciones de terceros que vulneren derechos de propiedad intelectual e industrial, secretos empresariales, derechos al honor, a la intimidad personal y familiar ya la propia imagen, as\u00ed como la normativa en materia de competencia desleal y publicidad il\u00edcita.<\/p>\n\n\n\n<p>Asimismo, EL PROPIETARIO DE LA WEB declina cualquier responsabilidad respecto a la informaci\u00f3n que se halle fuera de esta web y no gestionada directamente por nuestro webmaster. La funci\u00f3n de los links que aparecen en esta web es exclusivamente la de informar al usuario sobre la existencia de otras fuentes susceptibles de ampliar los contenidos que ofrece este sitio web. EL PROPIETARIO DE LA WEB no garantiza ni se responsabiliza del funcionamiento o accesibilidad a los sitios enlazados, ni sugiere, invita o recomienda la visita a los mismos, por lo que tampoco ser\u00e1 responsable del resultado obtenido. EL PROPIETARIO DE LA WEB no se responsabiliza del establecimiento de hiperv\u00ednculos por parte de terceros.<\/p>\n\n\n\n<h3 class=\"wp-block-heading\">4. POL\u00cdTICA DE PRIVACIDAD<\/h3>\n\n\n\n<p>Cuando precisemos obtener informaci\u00f3n por su parte, siempre le solicitaremos que nos la proporcione voluntariamente de forma expresa. Los datos recabados a trav\u00e9s de los formularios de recogida de datos del sitio web u otras v\u00edas ser\u00e1n incorporados a un fichero de datos de car\u00e1cter personal debidamente inscrito en el Registro General de Protecci\u00f3n de Datos de la Agencia Espa\u00f1ola de Protecci\u00f3n de Datos, del cual es responsable EL PROPIETARIO DE LA WEB. Esta entidad tratar\u00e1 los datos de forma confidencial y exclusivamente con la finalidad de ofrecer los servicios solicitados, con todas las garant\u00edas legales y de seguridad que impone la Ley Org\u00e1nica 15\/1999, de 13 de diciembre, de Protecci\u00f3n de Datos de Car\u00e1cter personal, el Real Decreto 1720\/2007, de 21 de diciembre y la Ley 34\/2002, de 11 de julio, de Servicios de la Sociedad de la Informaci\u00f3n y Comercio Electr\u00f3nico.<\/p>\n\n\n\n<p>EL PROPIETARIO DE LA WEB se compromete a no ceder, vender, ni compartir los datos con terceros sin su aprobaci\u00f3n expresa.<\/p>\n\n\n\n<p>Asimismo, <strong>FEVISA, SL<\/strong> cancelar\u00e1 o rectificar\u00e1 los datos cuando resulten inexactos, incompletos o hayan dejado de ser necesarios o pertinentes para su finalidad, de conformidad con lo previsto la Ley Org\u00e1nica 15\/1999, de 13 de diciembre, de Protecci\u00f3n de Datos de Car\u00e1cter Personal.<\/p>\n\n\n\n<p>El usuario podr\u00e1 revocar el consentimiento prestado y ejercer los derechos de acceso, rectificaci\u00f3n, cancelaci\u00f3n y oposici\u00f3n dirigi\u00e9ndose al domicilio social de <strong>FEVISA, SL<\/strong>, situado en la C. SANT CEBRIA, 22 &#8211; 17740 VILAFANT &#8211; (GIRONA), identificando debidamente e indicando de forma visible el concreto derecho que se ejerce.<\/p>\n\n\n\n<p>EL PROPIETARIO DE LA WEB adopta los niveles de seguridad correspondientes requeridos por la citada Ley Org\u00e1nica 15\/1999 y dem\u00e1s normativa aplicable. Sin embargo, no asume ninguna responsabilidad por los da\u00f1os y perjuicios derivados de alteraciones que terceros pueden causar en los sistemas inform\u00e1ticos, documentos electr\u00f3nicos o ficheros del usuario.<\/p>\n\n\n\n<p>EL PROPIETARIO DE LA WEB podr\u00e1 utilizar cookies durante la prestaci\u00f3n servicios del sitio web. Las cookies son ficheros f\u00edsicos de informaci\u00f3n personal alojados en el propio terminal del usuario. El usuario tiene la posibilidad de configurar su programa navegador de manera que se impida la creaci\u00f3n de archivos cookies o se advierta de la misma.<\/p>\n\n\n\n<p>Si opta a abandonar nuestro sitio web a trav\u00e9s de enlaces a sitios web no pertenecientes a nuestra entidad, EL PROPIETARIO DE LA WEB no se har\u00e1 responsable de las pol\u00edticas de privacidad de estos sitios web ni de las cookies que estos puedan almacenar en el ordenador del usuario.<\/p>\n\n\n\n<p>Nuestra pol\u00edtica con respecto al correo electr\u00f3nico se centra en remitir \u00fanicamente comunicaciones que usted haya solicitado recibir.<\/p>\n\n\n\n<p>Si prefiere no recibir estos mensajes por correo electr\u00f3nico le ofreceremos a trav\u00e9s los mismos la posibilidad de ejercer su derecho de cancelaci\u00f3n y renuncia a la recepci\u00f3n de estos mensajes, de conformidad con lo dispuesto en el t\u00edtulo III, art\u00edculo 22 de la Ley 34\/2002 de Servicios para la Sociedad de la Informaci\u00f3n y de Comercio Electr\u00f3nico.<\/p>\n\n\n\n<h3 class=\"wp-block-heading\">5. PROCEDIMIENTO EN CASO DE REALIZACI\u00d3N DE ACTIVIDADES DE CAR\u00c1CTER IL\u00cdCITO<\/h3>\n\n\n\n<p>En el caso de que cualquier usuario o un tercero considere que existen hechos o circunstancias que revelen el car\u00e1cter il\u00edcito de la utilizaci\u00f3n de cualquier contenido y \/ o de la realizaci\u00f3n de cualquier actividad en las p\u00e1ginas web incluidas o accesibles a trav\u00e9s del sitio web, deber\u00e1 enviar una notificaci\u00f3n a EL PROPIETARIO DE lA WEB identific\u00e1ndose debidamente, especificando las supuestas infracciones y declarando expresamente y bajo su responsabilidad que la informaci\u00f3n proporcionada en la notificaci\u00f3n es exacta.<\/p>\n\n\n\n<p>Para toda cuesti\u00f3n litigiosa que incumba al sitio web del PROPIETARIO DE LA WEB, ser\u00e1 de aplicaci\u00f3n la legislaci\u00f3n espa\u00f1ola, siendo competentes los Juzgados y Tribunales de GIRONA (Espa\u00f1a).<\/p>\n\n\n\n<h3 class=\"wp-block-heading\">6. PUBLICACIONES<\/h3>\n\n\n\n<p>La informaci\u00f3n administrativa facilitada a trav\u00e9s del sitio web no sustituye la publicidad legal de las leyes, normativas, planes, disposiciones generales y actos que tengan que ser publicados formalmente en los diarios oficiales de las administraciones p\u00fablicas, que constituyen el \u00fanico instrumento que da fe de su autenticidad y contenido. La informaci\u00f3n disponible en este sitio web debe entenderse como una gu\u00eda sin prop\u00f3sito de validez legal.<\/p>\n","protected":false},"excerpt":{"rendered":"<p>AVISO LEGAL 0. OBJETO Y ACEPTACI\u00d3N El presente aviso legal regula el uso del sitio web www.fevisa.net(en adelante, LA WEB), del que es titular FEVISA, SL (en adelante, EL PROPIETARIO DE LA WEB). La navegaci\u00f3n por el sitio web del PROPIETARIO DE LA WEB atribuye la condici\u00f3n de usuario del mismo e implica la aceptaci\u00f3n [&hellip;]<\/p>\n","protected":false},"author":1,"featured_media":0,"parent":0,"menu_order":0,"comment_status":"closed","ping_status":"open","template":"","meta":{"_exactmetrics_skip_tracking":false,"_exactmetrics_sitenote_active":false,"_exactmetrics_sitenote_note":"","_exactmetrics_sitenote_category":0,"ocean_post_layout":"full-width","ocean_both_sidebars_style":"","ocean_both_sidebars_content_width":0,"ocean_both_sidebars_sidebars_width":0,"ocean_sidebar":"0","ocean_second_sidebar":"0","ocean_disable_margins":"enable","ocean_add_body_class":"","ocean_shortcode_before_top_bar":"","ocean_shortcode_after_top_bar":"","ocean_shortcode_before_header":"","ocean_shortcode_after_header":"","ocean_has_shortcode":"","ocean_shortcode_after_title":"","ocean_shortcode_before_footer_widgets":"","ocean_shortcode_after_footer_widgets":"","ocean_shortcode_before_footer_bottom":"","ocean_shortcode_after_footer_bottom":"","ocean_display_top_bar":"default","ocean_display_header":"default","ocean_header_style":"","ocean_center_header_left_menu":"0","ocean_custom_header_template":"0","ocean_custom_logo":0,"ocean_custom_retina_logo":0,"ocean_custom_logo_max_width":0,"ocean_custom_logo_tablet_max_width":0,"ocean_custom_logo_mobile_max_width":0,"ocean_custom_logo_max_height":0,"ocean_custom_logo_tablet_max_height":0,"ocean_custom_logo_mobile_max_height":0,"ocean_header_custom_menu":"0","ocean_menu_typo_font_family":"0","ocean_menu_typo_font_subset":"","ocean_menu_typo_font_size":0,"ocean_menu_typo_font_size_tablet":0,"ocean_menu_typo_font_size_mobile":0,"ocean_menu_typo_font_size_unit":"px","ocean_menu_typo_font_weight":"","ocean_menu_typo_font_weight_tablet":"","ocean_menu_typo_font_weight_mobile":"","ocean_menu_typo_transform":"","ocean_menu_typo_transform_tablet":"","ocean_menu_typo_transform_mobile":"","ocean_menu_typo_line_height":0,"ocean_menu_typo_line_height_tablet":0,"ocean_menu_typo_line_height_mobile":0,"ocean_menu_typo_line_height_unit":"","ocean_menu_typo_spacing":0,"ocean_menu_typo_spacing_tablet":0,"ocean_menu_typo_spacing_mobile":0,"ocean_menu_typo_spacing_unit":"","ocean_menu_link_color":"","ocean_menu_link_color_hover":"","ocean_menu_link_color_active":"","ocean_menu_link_background":"","ocean_menu_link_hover_background":"","ocean_menu_link_active_background":"","ocean_menu_social_links_bg":"","ocean_menu_social_hover_links_bg":"","ocean_menu_social_links_color":"","ocean_menu_social_hover_links_color":"","ocean_disable_title":"default","ocean_disable_heading":"default","ocean_post_title":"","ocean_post_subheading":"","ocean_post_title_style":"","ocean_post_title_background_color":"","ocean_post_title_background":0,"ocean_post_title_bg_image_position":"","ocean_post_title_bg_image_attachment":"","ocean_post_title_bg_image_repeat":"","ocean_post_title_bg_image_size":"","ocean_post_title_height":0,"ocean_post_title_bg_overlay":0.5,"ocean_post_title_bg_overlay_color":"","ocean_disable_breadcrumbs":"default","ocean_breadcrumbs_color":"","ocean_breadcrumbs_separator_color":"","ocean_breadcrumbs_links_color":"","ocean_breadcrumbs_links_hover_color":"","ocean_display_footer_widgets":"default","ocean_display_footer_bottom":"default","ocean_custom_footer_template":"0","footnotes":""},"class_list":["post-639","page","type-page","status-publish","hentry","entry"],"yoast_head":"<!-- This site is optimized with the Yoast SEO plugin v27.4 - https:\/\/yoast.com\/product\/yoast-seo-wordpress\/ -->\n<title>Politique de confidentialit\u00e9 - Industria de la madera FEVISA SL<\/title>\n<meta name=\"robots\" content=\"index, follow, max-snippet:-1, max-image-preview:large, max-video-preview:-1\" \/>\n<link rel=\"canonical\" href=\"https:\/\/fevisa.net\/fr\/politique-de-confidentialite\/\" \/>\n<meta property=\"og:locale\" content=\"fr_FR\" \/>\n<meta property=\"og:type\" content=\"article\" \/>\n<meta property=\"og:title\" content=\"Politique de confidentialit\u00e9 - Industria de la madera FEVISA SL\" \/>\n<meta property=\"og:description\" content=\"AVISO LEGAL 0. OBJETO Y ACEPTACI\u00d3N El presente aviso legal regula el uso del sitio web www.fevisa.net(en adelante, LA WEB), del que es titular FEVISA, SL (en adelante, EL PROPIETARIO DE LA WEB). La navegaci\u00f3n por el sitio web del PROPIETARIO DE LA WEB atribuye la condici\u00f3n de usuario del mismo e implica la aceptaci\u00f3n [&hellip;]\" \/>\n<meta property=\"og:url\" content=\"https:\/\/fevisa.net\/fr\/politique-de-confidentialite\/\" \/>\n<meta property=\"og:site_name\" content=\"Industria de la madera FEVISA SL\" \/>\n<meta property=\"article:modified_time\" content=\"2021-07-14T10:54:17+00:00\" \/>\n<meta name=\"twitter:card\" content=\"summary_large_image\" \/>\n<meta name=\"twitter:label1\" content=\"Dur\u00e9e de lecture estim\u00e9e\" \/>\n\t<meta name=\"twitter:data1\" content=\"11 minutes\" \/>\n<script type=\"application\/ld+json\" class=\"yoast-schema-graph\">{\"@context\":\"https:\\\/\\\/schema.org\",\"@graph\":[{\"@type\":\"WebPage\",\"@id\":\"https:\\\/\\\/fevisa.net\\\/fr\\\/politique-de-confidentialite\\\/\",\"url\":\"https:\\\/\\\/fevisa.net\\\/fr\\\/politique-de-confidentialite\\\/\",\"name\":\"Politique de confidentialit\u00e9 - Industria de la madera FEVISA SL\",\"isPartOf\":{\"@id\":\"https:\\\/\\\/fevisa.net\\\/fr\\\/#website\"},\"datePublished\":\"2021-07-13T10:51:15+00:00\",\"dateModified\":\"2021-07-14T10:54:17+00:00\",\"breadcrumb\":{\"@id\":\"https:\\\/\\\/fevisa.net\\\/fr\\\/politique-de-confidentialite\\\/#breadcrumb\"},\"inLanguage\":\"fr-FR\",\"potentialAction\":[{\"@type\":\"ReadAction\",\"target\":[\"https:\\\/\\\/fevisa.net\\\/fr\\\/politique-de-confidentialite\\\/\"]}]},{\"@type\":\"BreadcrumbList\",\"@id\":\"https:\\\/\\\/fevisa.net\\\/fr\\\/politique-de-confidentialite\\\/#breadcrumb\",\"itemListElement\":[{\"@type\":\"ListItem\",\"position\":1,\"name\":\"FEVISA\",\"item\":\"https:\\\/\\\/fevisa.net\\\/fr\\\/\"},{\"@type\":\"ListItem\",\"position\":2,\"name\":\"Politique de confidentialit\u00e9\"}]},{\"@type\":\"WebSite\",\"@id\":\"https:\\\/\\\/fevisa.net\\\/fr\\\/#website\",\"url\":\"https:\\\/\\\/fevisa.net\\\/fr\\\/\",\"name\":\"Industria de la madera FEVISA SL\",\"description\":\"Las diversas variedades de las cajas o estuches para cavas, vinos o licores, se suelen fabricar en madera de pino o de chopo.\",\"publisher\":{\"@id\":\"https:\\\/\\\/fevisa.net\\\/fr\\\/#organization\"},\"potentialAction\":[{\"@type\":\"SearchAction\",\"target\":{\"@type\":\"EntryPoint\",\"urlTemplate\":\"https:\\\/\\\/fevisa.net\\\/fr\\\/?s={search_term_string}\"},\"query-input\":{\"@type\":\"PropertyValueSpecification\",\"valueRequired\":true,\"valueName\":\"search_term_string\"}}],\"inLanguage\":\"fr-FR\"},{\"@type\":\"Organization\",\"@id\":\"https:\\\/\\\/fevisa.net\\\/fr\\\/#organization\",\"name\":\"FEVISA SL\",\"url\":\"https:\\\/\\\/fevisa.net\\\/fr\\\/\",\"logo\":{\"@type\":\"ImageObject\",\"inLanguage\":\"fr-FR\",\"@id\":\"https:\\\/\\\/fevisa.net\\\/fr\\\/#\\\/schema\\\/logo\\\/image\\\/\",\"url\":\"https:\\\/\\\/fevisa.net\\\/wp-content\\\/uploads\\\/2021\\\/07\\\/fevisa_logo.png\",\"contentUrl\":\"https:\\\/\\\/fevisa.net\\\/wp-content\\\/uploads\\\/2021\\\/07\\\/fevisa_logo.png\",\"width\":192,\"height\":71,\"caption\":\"FEVISA SL\"},\"image\":{\"@id\":\"https:\\\/\\\/fevisa.net\\\/fr\\\/#\\\/schema\\\/logo\\\/image\\\/\"}}]}<\/script>\n<!-- \/ Yoast SEO plugin. -->","yoast_head_json":{"title":"Politique de confidentialit\u00e9 - Industria de la madera FEVISA SL","robots":{"index":"index","follow":"follow","max-snippet":"max-snippet:-1","max-image-preview":"max-image-preview:large","max-video-preview":"max-video-preview:-1"},"canonical":"https:\/\/fevisa.net\/fr\/politique-de-confidentialite\/","og_locale":"fr_FR","og_type":"article","og_title":"Politique de confidentialit\u00e9 - Industria de la madera FEVISA SL","og_description":"AVISO LEGAL 0. OBJETO Y ACEPTACI\u00d3N El presente aviso legal regula el uso del sitio web www.fevisa.net(en adelante, LA WEB), del que es titular FEVISA, SL (en adelante, EL PROPIETARIO DE LA WEB). La navegaci\u00f3n por el sitio web del PROPIETARIO DE LA WEB atribuye la condici\u00f3n de usuario del mismo e implica la aceptaci\u00f3n [&hellip;]","og_url":"https:\/\/fevisa.net\/fr\/politique-de-confidentialite\/","og_site_name":"Industria de la madera FEVISA SL","article_modified_time":"2021-07-14T10:54:17+00:00","twitter_card":"summary_large_image","twitter_misc":{"Dur\u00e9e de lecture estim\u00e9e":"11 minutes"},"schema":{"@context":"https:\/\/schema.org","@graph":[{"@type":"WebPage","@id":"https:\/\/fevisa.net\/fr\/politique-de-confidentialite\/","url":"https:\/\/fevisa.net\/fr\/politique-de-confidentialite\/","name":"Politique de confidentialit\u00e9 - Industria de la madera FEVISA SL","isPartOf":{"@id":"https:\/\/fevisa.net\/fr\/#website"},"datePublished":"2021-07-13T10:51:15+00:00","dateModified":"2021-07-14T10:54:17+00:00","breadcrumb":{"@id":"https:\/\/fevisa.net\/fr\/politique-de-confidentialite\/#breadcrumb"},"inLanguage":"fr-FR","potentialAction":[{"@type":"ReadAction","target":["https:\/\/fevisa.net\/fr\/politique-de-confidentialite\/"]}]},{"@type":"BreadcrumbList","@id":"https:\/\/fevisa.net\/fr\/politique-de-confidentialite\/#breadcrumb","itemListElement":[{"@type":"ListItem","position":1,"name":"FEVISA","item":"https:\/\/fevisa.net\/fr\/"},{"@type":"ListItem","position":2,"name":"Politique de confidentialit\u00e9"}]},{"@type":"WebSite","@id":"https:\/\/fevisa.net\/fr\/#website","url":"https:\/\/fevisa.net\/fr\/","name":"Industria de la madera FEVISA SL","description":"Las diversas variedades de las cajas o estuches para cavas, vinos o licores, se suelen fabricar en madera de pino o de chopo.","publisher":{"@id":"https:\/\/fevisa.net\/fr\/#organization"},"potentialAction":[{"@type":"SearchAction","target":{"@type":"EntryPoint","urlTemplate":"https:\/\/fevisa.net\/fr\/?s={search_term_string}"},"query-input":{"@type":"PropertyValueSpecification","valueRequired":true,"valueName":"search_term_string"}}],"inLanguage":"fr-FR"},{"@type":"Organization","@id":"https:\/\/fevisa.net\/fr\/#organization","name":"FEVISA SL","url":"https:\/\/fevisa.net\/fr\/","logo":{"@type":"ImageObject","inLanguage":"fr-FR","@id":"https:\/\/fevisa.net\/fr\/#\/schema\/logo\/image\/","url":"https:\/\/fevisa.net\/wp-content\/uploads\/2021\/07\/fevisa_logo.png","contentUrl":"https:\/\/fevisa.net\/wp-content\/uploads\/2021\/07\/fevisa_logo.png","width":192,"height":71,"caption":"FEVISA SL"},"image":{"@id":"https:\/\/fevisa.net\/fr\/#\/schema\/logo\/image\/"}}]}},"_links":{"self":[{"href":"https:\/\/fevisa.net\/fr\/wp-json\/wp\/v2\/pages\/639","targetHints":{"allow":["GET"]}}],"collection":[{"href":"https:\/\/fevisa.net\/fr\/wp-json\/wp\/v2\/pages"}],"about":[{"href":"https:\/\/fevisa.net\/fr\/wp-json\/wp\/v2\/types\/page"}],"author":[{"embeddable":true,"href":"https:\/\/fevisa.net\/fr\/wp-json\/wp\/v2\/users\/1"}],"replies":[{"embeddable":true,"href":"https:\/\/fevisa.net\/fr\/wp-json\/wp\/v2\/comments?post=639"}],"version-history":[{"count":3,"href":"https:\/\/fevisa.net\/fr\/wp-json\/wp\/v2\/pages\/639\/revisions"}],"predecessor-version":[{"id":662,"href":"https:\/\/fevisa.net\/fr\/wp-json\/wp\/v2\/pages\/639\/revisions\/662"}],"wp:attachment":[{"href":"https:\/\/fevisa.net\/fr\/wp-json\/wp\/v2\/media?parent=639"}],"curies":[{"name":"wp","href":"https:\/\/api.w.org\/{rel}","templated":true}]}}